{"id":122,"date":"2018-06-07T10:05:52","date_gmt":"2018-06-07T08:05:52","guid":{"rendered":"https:\/\/cta.w3po.de\/?page_id=122"},"modified":"2023-01-10T15:27:23","modified_gmt":"2023-01-10T14:27:23","slug":"edelstahl","status":"publish","type":"page","link":"https:\/\/cta.w3po.de\/en\/werkstoffe\/edelstahl\/","title":{"rendered":"Edelstahl"},"content":{"rendered":"\n<div class=\"wp-block-columns is-layout-flex wp-container-core-columns-is-layout-9d6595d7 wp-block-columns-is-layout-flex\">\n<div class=\"wp-block-column is-layout-flow wp-block-column-is-layout-flow\">\n<p><strong>SS \u2013 stainless steel<\/strong><\/p>\n\n\n\n<p>Edelstahl ist durch seinen hohen Reinheitsgrad gekennzeichnet. Er kann legiert und unlegiert sein. Es gibt Legierungen aus Chrom, Nickel, Eisen, Mangan oder Molybd\u00e4n in verschiedenen Kombinationen. Unlegiert besteht Edelstahl nur aus Eisen mit einem sehr kleinen Kohlenstoffanteil.<\/p>\n\n\n\n<p>Edelstahl besitzt eine Reihe vorteilhafter Eigenschaften: Er ist korrosions- und temperaturbest\u00e4ndig, leitf\u00e4hig, hygienisch und langlebig. An der Oberfl\u00e4che befindet sich eine sehr d\u00fcnne Schicht. Diese ist in der Lage, sich nach leichten mechanischen Besch\u00e4digungen immer wieder zu regenerieren. Dadurch kann sich kein Rost bilden.<\/p>\n\n\n\n<p>Edelstahl wird unter anderem im Maschinenbau eingesetzt, aber auch im Fahrzeugbau, in der Nahrungsmittelindustrie oder in der M\u00f6belbranche.<\/p>\n<\/div>\n\n\n\n<div class=\"wp-block-column is-layout-flow wp-block-column-is-layout-flow\"><\/div>\n<\/div>\n","protected":false},"excerpt":{"rendered":"<p>SS \u2013 stainless steel Edelstahl ist durch seinen hohen Reinheitsgrad gekennzeichnet. Er kann legiert und unlegiert sein. Es gibt Legierungen aus Chrom, Nickel, Eisen, Mangan oder Molybd\u00e4n in verschiedenen Kombinationen. Unlegiert besteht Edelstahl nur aus Eisen mit einem sehr kleinen Kohlenstoffanteil. Edelstahl besitzt eine Reihe vorteilhafter Eigenschaften: Er ist korrosions- und temperaturbest\u00e4ndig, leitf\u00e4hig, hygienisch und [&hellip;]<\/p>\n","protected":false},"author":1,"featured_media":0,"parent":26,"menu_order":20,"comment_status":"closed","ping_status":"closed","template":"","meta":{"footnotes":""},"class_list":["post-122","page","type-page","status-publish","hentry"],"_links":{"self":[{"href":"https:\/\/cta.w3po.de\/en\/wp-json\/wp\/v2\/pages\/122","targetHints":{"allow":["GET"]}}],"collection":[{"href":"https:\/\/cta.w3po.de\/en\/wp-json\/wp\/v2\/pages"}],"about":[{"href":"https:\/\/cta.w3po.de\/en\/wp-json\/wp\/v2\/types\/page"}],"author":[{"embeddable":true,"href":"https:\/\/cta.w3po.de\/en\/wp-json\/wp\/v2\/users\/1"}],"replies":[{"embeddable":true,"href":"https:\/\/cta.w3po.de\/en\/wp-json\/wp\/v2\/comments?post=122"}],"version-history":[{"count":5,"href":"https:\/\/cta.w3po.de\/en\/wp-json\/wp\/v2\/pages\/122\/revisions"}],"predecessor-version":[{"id":881,"href":"https:\/\/cta.w3po.de\/en\/wp-json\/wp\/v2\/pages\/122\/revisions\/881"}],"up":[{"embeddable":true,"href":"https:\/\/cta.w3po.de\/en\/wp-json\/wp\/v2\/pages\/26"}],"wp:attachment":[{"href":"https:\/\/cta.w3po.de\/en\/wp-json\/wp\/v2\/media?parent=122"}],"curies":[{"name":"wp","href":"https:\/\/api.w.org\/{rel}","templated":true}]}}