{"id":16,"date":"2018-06-04T16:09:35","date_gmt":"2018-06-04T14:09:35","guid":{"rendered":"https:\/\/cta.w3po.de\/?page_id=16"},"modified":"2021-09-03T11:53:24","modified_gmt":"2021-09-03T09:53:24","slug":"rohrleitungsbau","status":"publish","type":"page","link":"https:\/\/cta.w3po.de\/en\/leistungen\/rohrleitungsbau\/","title":{"rendered":"Rohrleitungsbau"},"content":{"rendered":"\n<div class=\"wp-block-columns is-layout-flex wp-container-core-columns-is-layout-9d6595d7 wp-block-columns-is-layout-flex\">\n<div class=\"wp-block-column is-layout-flow wp-block-column-is-layout-flow\">\n<p>Unsere Leistungen im Rohrleistungsbau sind auf l\u00f6sungsorientierte Systeme f\u00fcr die chemische und petrochemische Industrie, aber auch f\u00fcr die Energiewirtschaft und Spezialbranchen wie Flugh\u00e4fen und Kl\u00e4ranlagen zugeschnitten. Bei uns k\u00f6nnen sich die Kunden auf eine kompetente Beratung verlassen: unter anderem hinsichtlich der Rohrdimensionierung und der zu verwendenden Werkstoffe.<\/p>\n\n\n\n<p>Wir planen, projektieren und montieren ober- und unterirdische Rohrleitungssysteme, in Neu- sowie Bestandsanlagen.<\/p>\n\n\n\n<p>Als zertifiziertes Unternehmen nach DIN EN ISO 9001:2015 garantieren wir h\u00f6chste Qualit\u00e4t in der Planung, bei der Werkstoffauswahl, in der Fertigung bzw. Vorfertigung und bei den Montageverfahren.<\/p>\n<\/div>\n\n\n\n<div class=\"wp-block-column is-layout-flow wp-block-column-is-layout-flow\">\n<figure class=\"wp-block-image size-large\"><img loading=\"lazy\" decoding=\"async\" width=\"1118\" height=\"700\" src=\"https:\/\/cta.w3po.de\/wp-content\/uploads\/2021\/08\/slide02-rohrleitungsbau-edited.jpg\" alt=\"\" class=\"wp-image-686\" srcset=\"https:\/\/cta.w3po.de\/wp-content\/uploads\/2021\/08\/slide02-rohrleitungsbau-edited.jpg 1118w, https:\/\/cta.w3po.de\/wp-content\/uploads\/2021\/08\/slide02-rohrleitungsbau-edited-300x188.jpg 300w, https:\/\/cta.w3po.de\/wp-content\/uploads\/2021\/08\/slide02-rohrleitungsbau-edited-1024x641.jpg 1024w, https:\/\/cta.w3po.de\/wp-content\/uploads\/2021\/08\/slide02-rohrleitungsbau-edited-768x481.jpg 768w\" sizes=\"auto, (max-width: 1118px) 100vw, 1118px\" \/><\/figure>\n<\/div>\n<\/div>\n","protected":false},"excerpt":{"rendered":"<p>Unsere Leistungen sind auf l\u00f6sungsorientierte Systeme f\u00fcr die chemische, petrochemische Industrie, die Energiewirtschaft und Spezialbranchen zugeschnitten.<\/p>\n","protected":false},"author":1,"featured_media":409,"parent":10,"menu_order":20,"comment_status":"closed","ping_status":"closed","template":"","meta":{"footnotes":""},"class_list":["post-16","page","type-page","status-publish","has-post-thumbnail","hentry"],"_links":{"self":[{"href":"https:\/\/cta.w3po.de\/en\/wp-json\/wp\/v2\/pages\/16","targetHints":{"allow":["GET"]}}],"collection":[{"href":"https:\/\/cta.w3po.de\/en\/wp-json\/wp\/v2\/pages"}],"about":[{"href":"https:\/\/cta.w3po.de\/en\/wp-json\/wp\/v2\/types\/page"}],"author":[{"embeddable":true,"href":"https:\/\/cta.w3po.de\/en\/wp-json\/wp\/v2\/users\/1"}],"replies":[{"embeddable":true,"href":"https:\/\/cta.w3po.de\/en\/wp-json\/wp\/v2\/comments?post=16"}],"version-history":[{"count":8,"href":"https:\/\/cta.w3po.de\/en\/wp-json\/wp\/v2\/pages\/16\/revisions"}],"predecessor-version":[{"id":756,"href":"https:\/\/cta.w3po.de\/en\/wp-json\/wp\/v2\/pages\/16\/revisions\/756"}],"up":[{"embeddable":true,"href":"https:\/\/cta.w3po.de\/en\/wp-json\/wp\/v2\/pages\/10"}],"wp:featuredmedia":[{"embeddable":true,"href":"https:\/\/cta.w3po.de\/en\/wp-json\/wp\/v2\/media\/409"}],"wp:attachment":[{"href":"https:\/\/cta.w3po.de\/en\/wp-json\/wp\/v2\/media?parent=16"}],"curies":[{"name":"wp","href":"https:\/\/api.w.org\/{rel}","templated":true}]}}