{"id":20,"date":"2018-06-04T16:10:05","date_gmt":"2018-06-04T14:10:05","guid":{"rendered":"https:\/\/cta.w3po.de\/?page_id=20"},"modified":"2021-09-03T11:51:47","modified_gmt":"2021-09-03T09:51:47","slug":"wartungen-und-gutachten","status":"publish","type":"page","link":"https:\/\/cta.w3po.de\/en\/leistungen\/wartungen-und-gutachten\/","title":{"rendered":"Wartungen und Gutachten"},"content":{"rendered":"\n<div class=\"wp-block-columns is-layout-flex wp-container-core-columns-is-layout-9d6595d7 wp-block-columns-is-layout-flex\">\n<div class=\"wp-block-column is-layout-flow wp-block-column-is-layout-flow\">\n<p>Wir f\u00fchren mit modernster Technik und zertifiziertem Pr\u00fcfpersonal nach EN 473 Zustandsbewertungen von Bestandsanlagen und statische Berechnungen durch \u2013 zum Beispiel Berechnung von Erdbebenwirkungen, FEM-Berechnungen f\u00fcr den Tankbau, Berechnungen im modernen Ingenieurbau und Berechnungen von Druckbeh\u00e4ltern.<\/p>\n\n\n\n<p>Wir erstellen auf Basis der Untersuchungs- und Berechnungsergebnisse Gutachten und erarbeiten unter Ber\u00fccksichtigung der gesetzlichen Vorgaben und Auflagen Sanierungskonzepte.<\/p>\n<\/div>\n\n\n\n<div class=\"wp-block-column is-layout-flow wp-block-column-is-layout-flow\">\n<figure class=\"wp-block-image size-large\"><img loading=\"lazy\" decoding=\"async\" width=\"774\" height=\"483\" src=\"https:\/\/cta.w3po.de\/wp-content\/uploads\/2021\/08\/leistungen-wartungen-gutachten-edited.jpg\" alt=\"\" class=\"wp-image-692\" srcset=\"https:\/\/cta.w3po.de\/wp-content\/uploads\/2021\/08\/leistungen-wartungen-gutachten-edited.jpg 774w, https:\/\/cta.w3po.de\/wp-content\/uploads\/2021\/08\/leistungen-wartungen-gutachten-edited-300x187.jpg 300w, https:\/\/cta.w3po.de\/wp-content\/uploads\/2021\/08\/leistungen-wartungen-gutachten-edited-768x479.jpg 768w\" sizes=\"auto, (max-width: 774px) 100vw, 774px\" \/><\/figure>\n<\/div>\n<\/div>\n\n\n\n<hr class=\"wp-block-separator alignfull\"\/>\n\n\n\n<div class=\"wp-block-columns is-layout-flex wp-container-core-columns-is-layout-9d6595d7 wp-block-columns-is-layout-flex\">\n<div class=\"wp-block-column is-layout-flow wp-block-column-is-layout-flow\">\n<figure class=\"wp-block-image size-full\"><img loading=\"lazy\" decoding=\"async\" width=\"463\" height=\"650\" src=\"https:\/\/cta.w3po.de\/wp-content\/uploads\/2018\/08\/behaelter.jpg\" alt=\"\" class=\"wp-image-346\" srcset=\"https:\/\/cta.w3po.de\/wp-content\/uploads\/2018\/08\/behaelter.jpg 463w, https:\/\/cta.w3po.de\/wp-content\/uploads\/2018\/08\/behaelter-214x300.jpg 214w\" sizes=\"auto, (max-width: 463px) 100vw, 463px\" \/><\/figure>\n<\/div>\n\n\n\n<div class=\"wp-block-column is-layout-flow wp-block-column-is-layout-flow\">\n<p>Der Gesetzgeber verlangt nach DIN die regelm\u00e4\u00dfige \u00dcberpr\u00fcfung und Bewertung von Tankbauwerken, insbesondere bei Tankb\u00f6den.<\/p>\n\n\n\n<p>Betreiber von Tankanlagen ben\u00f6tigen verbindliche Aussagen zum Zustand von Flachbodentanks. Diese betreffen die folgenden Punkte:<\/p>\n\n\n\n<ul class=\"wp-block-list\"><li>kurzfristige Ist-Datenerfassung unter Ber\u00fccksichtigung des laufenden Betriebs des Tanklagers<\/li><li>Nachvollziehbarkeit der Messergebnisse<\/li><li>Interpretation der Messergebnisse hinsichtlich Restnutzungsdauer, Reparaturumfang und Kosten<\/li><li>l\u00e4ngerfristige Planung notwendiger Reparaturen (Stichwort: Budgetierung)<\/li><li>Dokumentation der Zustands\u00fcberwachung gegen\u00fcber Dritten (z. B. Beh\u00f6rden)<\/li><li>\u00fcberschaubare Kosten f\u00fcr verbindliche Zustandsbewertung<\/li><\/ul>\n<\/div>\n<\/div>\n\n\n\n<hr class=\"wp-block-separator\"\/>\n\n\n\n<div class=\"wp-block-columns is-layout-flex wp-container-core-columns-is-layout-9d6595d7 wp-block-columns-is-layout-flex\">\n<div class=\"wp-block-column is-layout-flow wp-block-column-is-layout-flow\">\n<p>Unsere Leistungen im \u00dcberblick:<\/p>\n\n\n\n<ul class=\"wp-block-list\"><li>Zustandsbewertungen\/Gutachten f\u00fcr Flachbodentanks, Lagerbeh\u00e4lter, Gasbeh\u00e4lter und Rohrleitungen<\/li><li>Schadensuntersuchungen und Schadensanalysen<\/li><li>Messung vorhandener Restwanddicken (manuelle und mechanisiert)<\/li><li>Festigkeitsberechnungen (Statik) auf der Grundlage ermittelter Restwandst\u00e4rken<\/li><li>Analyse und Bewertung von Messerergebnissen und der Statik nach den anzuwendenden Normen (u. a. DIN 4119 und EN 14015)<\/li><li>Sanierungskonzepte nach dem aktuellen Stand der Technik<\/li><li>Richtpreis als Planungsgrundlage f\u00fcr notwendige Reparaturen<\/li><\/ul>\n\n\n\n<p>Unser Pr\u00fcfpersonal ist nach EN 473 zertifiziert und qualifiziert f\u00fcr folgende Verfahren:<\/p>\n\n\n\n<ul class=\"wp-block-list\"><li>Floorscanning \u2013 Messung magnetischer Streufluss<\/li><li>Ultraschallpr\u00fcfung \u2013 manuelle Wanddickenmessung und Crawlersystem mit B-Scan-Darstellung<\/li><li>Risspr\u00fcfung \u2013 Eindringpr\u00fcfung und Magnetpulverpr\u00fcfung<\/li><li>Sichtpr\u00fcfung<\/li><li>Filmauswertung<\/li><li>Lecksuche \u2013 Heliumlecksuche, Wasserstofflecksuche, Vakuumpr\u00fcfung<\/li><\/ul>\n<\/div>\n\n\n\n<div class=\"wp-block-column is-layout-flow wp-block-column-is-layout-flow\">\n<p>Wartung und Instandhaltung von Leckanzeigesystemen durch qualifiziertes Personal f\u00fchren wir durch f\u00fcr doppelwandige Tanks, Beh\u00e4lter, Rohrleitungen und Leckschutzauskleidungen.<\/p>\n\n\n\n<p>Unsere Leistungen umfassen:<\/p>\n\n\n\n<ul class=\"wp-block-list\"><li>Wartung und Instandhaltung von: Be- und Entl\u00fcftungsarmaturen, \u00dcber- und Unterdruckventilen, Flammendurchschlagsicherungen und Ventilen<\/li><li>Bau\u00fcberwachung, Schwei\u00df -und Pr\u00fcfaufsicht<\/li><li>Durchf\u00fchrung wiederkehrender Pr\u00fcfungen an Tankbauwerken<\/li><li>Druck- und Dichtheitspr\u00fcfungen<\/li><\/ul>\n<\/div>\n<\/div>\n","protected":false},"excerpt":{"rendered":"<p>Wir f\u00fchren mit modernster Technik und zertifiziertem Pr\u00fcfpersonal nach EN 473 Zustandsbewertungen von Bestandsanlagen und statische Berechnungen durch.<\/p>\n","protected":false},"author":1,"featured_media":415,"parent":10,"menu_order":40,"comment_status":"closed","ping_status":"closed","template":"","meta":{"footnotes":""},"class_list":["post-20","page","type-page","status-publish","has-post-thumbnail","hentry"],"_links":{"self":[{"href":"https:\/\/cta.w3po.de\/en\/wp-json\/wp\/v2\/pages\/20","targetHints":{"allow":["GET"]}}],"collection":[{"href":"https:\/\/cta.w3po.de\/en\/wp-json\/wp\/v2\/pages"}],"about":[{"href":"https:\/\/cta.w3po.de\/en\/wp-json\/wp\/v2\/types\/page"}],"author":[{"embeddable":true,"href":"https:\/\/cta.w3po.de\/en\/wp-json\/wp\/v2\/users\/1"}],"replies":[{"embeddable":true,"href":"https:\/\/cta.w3po.de\/en\/wp-json\/wp\/v2\/comments?post=20"}],"version-history":[{"count":25,"href":"https:\/\/cta.w3po.de\/en\/wp-json\/wp\/v2\/pages\/20\/revisions"}],"predecessor-version":[{"id":753,"href":"https:\/\/cta.w3po.de\/en\/wp-json\/wp\/v2\/pages\/20\/revisions\/753"}],"up":[{"embeddable":true,"href":"https:\/\/cta.w3po.de\/en\/wp-json\/wp\/v2\/pages\/10"}],"wp:featuredmedia":[{"embeddable":true,"href":"https:\/\/cta.w3po.de\/en\/wp-json\/wp\/v2\/media\/415"}],"wp:attachment":[{"href":"https:\/\/cta.w3po.de\/en\/wp-json\/wp\/v2\/media?parent=20"}],"curies":[{"name":"wp","href":"https:\/\/api.w.org\/{rel}","templated":true}]}}