{"id":22,"date":"2018-06-04T16:10:24","date_gmt":"2018-06-04T14:10:24","guid":{"rendered":"https:\/\/cta.w3po.de\/?page_id=22"},"modified":"2021-09-10T09:27:10","modified_gmt":"2021-09-10T07:27:10","slug":"werkstoffpruefung","status":"publish","type":"page","link":"https:\/\/cta.w3po.de\/en\/leistungen\/werkstoffpruefung\/","title":{"rendered":"Werkstoffpr\u00fcfung"},"content":{"rendered":"\n<div class=\"wp-block-columns is-layout-flex wp-container-core-columns-is-layout-9d6595d7 wp-block-columns-is-layout-flex\">\n<div class=\"wp-block-column is-layout-flow wp-block-column-is-layout-flow\">\n<p>Mit modernsten Methoden und Technologie realisieren wir zerst\u00f6rungsfreie Werkstoffpr\u00fcfungen (ZfP).<\/p>\n\n\n\n<p>Als Mitglied der Deutschen Gesellschaft f\u00fcr zerst\u00f6rungsfreie Werkstoffpr\u00fcfung e. V. (DGZfP) bieten wir folgende Leistungen an:<\/p>\n\n\n\n<ul class=\"wp-block-list\"><li>Floorscanning<\/li><li>Ultraschall-Wanddickenmessung mit Crawler<\/li><li>Sichtpr\u00fcfung (VT \u2013 visual testing)<\/li><li>Ultraschallpr\u00fcfung (UT \u2013 ultrasonic testing)<\/li><li>Farbeindringpr\u00fcfung (PT \u2013 penetration testing)<\/li><li>Magnetpulverrisspr\u00fcfung (MT \u2013 magnetic particle testing)<\/li><\/ul>\n\n\n\n<p><\/p>\n<\/div>\n\n\n\n<div class=\"wp-block-column is-layout-flow wp-block-column-is-layout-flow\">\n<figure class=\"wp-block-image size-large\"><img loading=\"lazy\" decoding=\"async\" width=\"2000\" height=\"1501\" src=\"https:\/\/cta.w3po.de\/wp-content\/uploads\/2021\/08\/DSC2631-unterseite-werkstoffpruefung-edited-1.jpg\" alt=\"\" class=\"wp-image-663\" srcset=\"https:\/\/cta.w3po.de\/wp-content\/uploads\/2021\/08\/DSC2631-unterseite-werkstoffpruefung-edited-1.jpg 2000w, https:\/\/cta.w3po.de\/wp-content\/uploads\/2021\/08\/DSC2631-unterseite-werkstoffpruefung-edited-1-300x225.jpg 300w, https:\/\/cta.w3po.de\/wp-content\/uploads\/2021\/08\/DSC2631-unterseite-werkstoffpruefung-edited-1-1024x769.jpg 1024w, https:\/\/cta.w3po.de\/wp-content\/uploads\/2021\/08\/DSC2631-unterseite-werkstoffpruefung-edited-1-768x576.jpg 768w, https:\/\/cta.w3po.de\/wp-content\/uploads\/2021\/08\/DSC2631-unterseite-werkstoffpruefung-edited-1-1536x1153.jpg 1536w\" sizes=\"auto, (max-width: 2000px) 100vw, 2000px\" \/><\/figure>\n<\/div>\n<\/div>\n\n\n\n<div class=\"wp-block-cover alignfull has-light-gray-background-color has-background-dim\"><div class=\"wp-block-cover__inner-container is-layout-flow wp-block-cover-is-layout-flow\">\n<h2 class=\"wp-block-heading\">Floorscanning<\/h2>\n\n\n\n<div class=\"wp-block-columns is-layout-flex wp-container-core-columns-is-layout-9d6595d7 wp-block-columns-is-layout-flex\">\n<div class=\"wp-block-column is-layout-flow wp-block-column-is-layout-flow\">\n<p class=\"has-dark-gray-color has-text-color\">Die Wirbelstrom-Wanddickenmessung mit Floorscanner erfolgt durch die magnetische Streuflussmethode. Die Wanddickenmessung wird an der Oberseite und an der Unterseite durchgef\u00fchrt.<\/p>\n\n\n\n<p class=\"has-dark-gray-color has-text-color\">Dar\u00fcber hinaus werden beschichtete Fl\u00e4chen gepr\u00fcft und es findet eine computergest\u00fctzte Erfassung der Bodenblechanordnung statt.<\/p>\n\n\n\n<p class=\"has-dark-gray-color has-text-color\">Die Wanddickenminderung wird durch eine definierte Farbskala dargestellt.<\/p>\n<\/div>\n\n\n\n<div class=\"wp-block-column is-layout-flow wp-block-column-is-layout-flow\">\n<p class=\"has-dark-gray-color has-text-color\">Weitere Leistungen:<\/p>\n\n\n\n<ul class=\"has-dark-gray-color has-text-color wp-block-list\"><li>kombinierte Ortung und Analyse von Defekten<\/li><li>Erg\u00e4nzung der Reports durch Ergebnisse anderer Pr\u00fcfungen (z. B. Ultraschall, visuell, Vakuum-, Risspr\u00fcfung)<\/li><li>Festlegung sanierungsbed\u00fcrftiger Bereiche<\/li><li>kontinuierliche Speicherung der Messdaten f\u00fcr wiederkehrende Pr\u00fcfungen<\/li><\/ul>\n<\/div>\n<\/div>\n\n\n\n<div class=\"wp-block-columns is-layout-flex wp-container-core-columns-is-layout-9d6595d7 wp-block-columns-is-layout-flex\">\n<div class=\"wp-block-column is-layout-flow wp-block-column-is-layout-flow\">\n<p class=\"has-dark-gray-color has-text-color\">Das Floorscanning bietet umfangreichste Reportm\u00f6glichkeiten:<\/p>\n\n\n\n<ul class=\"has-dark-gray-color has-text-color wp-block-list\"><li>\u00dcbersicht \u00fcber Tankboden mit korrodierten Bereichen<\/li><li>Ansicht einzelner Bleche mit mehr Details (genaue Koordinaten, Abtragrate in Prozent)<\/li><li>Statistik: Anzahl von Schw\u00e4chungen (bezogen auf den Tank oder einzelne Bleche mit definierbarer Farbskala)<\/li><\/ul>\n<\/div>\n\n\n\n<div class=\"wp-block-column is-layout-flow wp-block-column-is-layout-flow\">\n<ul class=\"has-dark-gray-color has-text-color wp-block-list\"><li>digitale Bilder (z. B. Fotos) k\u00f6nnen an gew\u00e4hlte Bereiche angeh\u00e4ngt werden<\/li><li>Werkzeug f\u00fcr Blechanordnung: per Software wird eine Materialliste mit Details f\u00fcr den Reparaturbedarf erstellt<\/li><\/ul>\n<\/div>\n<\/div>\n<\/div><\/div>\n\n\n\n<div class=\"wp-block-columns is-layout-flex wp-container-core-columns-is-layout-9d6595d7 wp-block-columns-is-layout-flex\">\n<div class=\"wp-block-column is-layout-flow wp-block-column-is-layout-flow\">\n<h2 class=\"wp-block-heading\">Ultraschall-Wanddickenmessung mit Crawler<\/h2>\n\n\n\n<p>Es wird eine fortlaufende Ultraschall-Dickenmessung an ferromagnetischen St\u00e4hlen durchgef\u00fchrt. Pr\u00fcfungen finden auch an beschichteten Fl\u00e4chen statt.<\/p>\n\n\n\n<p>Ein Einsatz an unebenen Oberfl\u00e4chen (\u00dcberfahren von Schwei\u00dfn\u00e4hten) erfolgt ebenso wie die Eigenreinigung des Pr\u00fcfkopfes.<\/p>\n\n\n\n<p>Der Crawler wird horizontal und vertikal, \u00fcber- und unterhalb (\u00dcberkopf) horizontaler Fl\u00e4chen eingesetzt. Der Einsatz verl\u00e4uft ferngesteuert, praktisch ohne H\u00f6henbegrenzung. Eine R\u00fcstung ist nicht erforderlich.<\/p>\n<\/div>\n\n\n\n<div class=\"wp-block-column is-layout-flow wp-block-column-is-layout-flow\">\n<figure class=\"wp-block-image size-large\"><img loading=\"lazy\" decoding=\"async\" width=\"1024\" height=\"604\" src=\"https:\/\/cta.w3po.de\/wp-content\/uploads\/2021\/08\/20171014-_DSC1225-Panorama-1024x604.jpg\" alt=\"\" class=\"wp-image-655\" srcset=\"https:\/\/cta.w3po.de\/wp-content\/uploads\/2021\/08\/20171014-_DSC1225-Panorama-1024x604.jpg 1024w, https:\/\/cta.w3po.de\/wp-content\/uploads\/2021\/08\/20171014-_DSC1225-Panorama-300x177.jpg 300w, https:\/\/cta.w3po.de\/wp-content\/uploads\/2021\/08\/20171014-_DSC1225-Panorama-768x453.jpg 768w, https:\/\/cta.w3po.de\/wp-content\/uploads\/2021\/08\/20171014-_DSC1225-Panorama-1536x906.jpg 1536w, https:\/\/cta.w3po.de\/wp-content\/uploads\/2021\/08\/20171014-_DSC1225-Panorama.jpg 2000w\" sizes=\"auto, (max-width: 1024px) 100vw, 1024px\" \/><\/figure>\n<\/div>\n<\/div>\n\n\n\n<div class=\"wp-block-cover alignfull has-light-gray-background-color has-background-dim\"><div class=\"wp-block-cover__inner-container is-layout-flow wp-block-cover-is-layout-flow\">\n<div class=\"wp-block-columns is-layout-flex wp-container-core-columns-is-layout-9d6595d7 wp-block-columns-is-layout-flex\">\n<div class=\"wp-block-column is-layout-flow wp-block-column-is-layout-flow\">\n<p class=\"has-dark-gray-color has-text-color\">Weitere Leistungen:<\/p>\n\n\n\n<ul class=\"has-dark-gray-color has-text-color wp-block-list\"><li>kontinuierliche Speicherung und Zuordnung der Messdaten f\u00fcr wiederkehrende Pr\u00fcfungen<\/li><li>25 mm\/s Scangeschwindigkeit<\/li><li>kalibrierbar auf beliebige Wandst\u00e4rken<\/li><li>Festigkeitsberechnung mit Ist-Wanddicken<\/li><li>Auswertung der Messdaten und Berechnung<\/li><li>Sanierungsvorschl\u00e4ge mit Richtpreisen<\/li><\/ul>\n<\/div>\n\n\n\n<div class=\"wp-block-column is-layout-flow wp-block-column-is-layout-flow\">\n<p class=\"has-dark-gray-color has-text-color\">Die Ultraschallmessung bietet umfangreichste Reportm\u00f6glichkeiten:<\/p>\n\n\n\n<ul class=\"has-dark-gray-color has-text-color wp-block-list\"><li>Datenerfassung und Visualisierung vor Ort: Bildkombination der Messwerte als Kombination von B-Scan und A-Scan<\/li><li>Software erm\u00f6glicht die einfache \u00dcbergabe der Daten zur kundenspezifischen Analyse<\/li><\/ul>\n<\/div>\n<\/div>\n<\/div><\/div>\n\n\n\n<div class=\"wp-block-cover alignfull has-light-gray-background-color has-background-dim\"><div class=\"wp-block-cover__inner-container is-layout-flow wp-block-cover-is-layout-flow\">\n<h2 class=\"wp-block-heading\">Referenzen<\/h2>\n\n\n<div class='postgalerie'><div class=\"postgalerie-content \"><a href=\"https:\/\/cta.w3po.de\/en\/referenz-1\/\" style=\"background-image: url(https:\/\/cta.w3po.de\/wp-content\/uploads\/2021\/08\/darmstadt-22-header-1024x792.jpg)\"><div class=\"projekt-block\"><div class=\"projekt-overlay\"><h3>Darmstadt<\/h3><\/div><\/div><\/a><\/div><div class=\"postgalerie-content \"><a href=\"https:\/\/cta.w3po.de\/en\/referenz-2\/\" style=\"background-image: url(https:\/\/cta.w3po.de\/wp-content\/uploads\/2021\/08\/basel-12-header-1024x768.jpg)\"><div class=\"projekt-block\"><div class=\"projekt-overlay\"><h3>Basel<\/h3><\/div><\/div><\/a><\/div><div class=\"postgalerie-content \"><a href=\"https:\/\/cta.w3po.de\/en\/reuter-west\/\" style=\"background-image: url(https:\/\/cta.w3po.de\/wp-content\/uploads\/2021\/08\/halle-31-header-1024x682.jpg)\"><div class=\"projekt-block\"><div class=\"projekt-overlay\"><h3>Halle<\/h3><\/div><\/div><\/a><\/div><div class=\"postgalerie-content \"><a href=\"https:\/\/cta.w3po.de\/en\/pck\/\" style=\"background-image: url(https:\/\/cta.w3po.de\/wp-content\/uploads\/2023\/01\/pck-31-header-1024x684.jpg)\"><div class=\"projekt-block\"><div class=\"projekt-overlay\"><h3>PCK<\/h3><\/div><\/div><\/a><\/div><div class=\"postgalerie-content \"><a href=\"https:\/\/cta.w3po.de\/en\/skw-piesteritz\/\" style=\"background-image: url(https:\/\/cta.w3po.de\/wp-content\/uploads\/2023\/01\/skw-piesteritz-19-header-1024x512.jpg)\"><div class=\"projekt-block\"><div class=\"projekt-overlay\"><h3>SKW-Piesteritz<\/h3><\/div><\/div><\/a><\/div><div class=\"postgalerie-content \"><a href=\"https:\/\/cta.w3po.de\/en\/frankfurt-main-tanklager\/\" style=\"background-image: url(https:\/\/cta.w3po.de\/wp-content\/uploads\/2023\/01\/frankfurt-main-tanklager-26-header-1024x512.jpg)\"><div class=\"projekt-block\"><div class=\"projekt-overlay\"><h3>Frankfurt-Main Tanklager<\/h3><\/div><\/div><\/a><\/div><div class=\"postgalerie-content \"><a href=\"https:\/\/cta.w3po.de\/en\/nrw-wsp-neubrandenburg\/\" style=\"background-image: url(https:\/\/cta.w3po.de\/wp-content\/uploads\/2023\/01\/neubrandenburg-19-header-1024x512.jpg)\"><div class=\"projekt-block\"><div class=\"projekt-overlay\"><h3>NRW-WSP Neubrandenburg<\/h3><\/div><\/div><\/a><\/div><div class=\"postgalerie-content \"><a href=\"https:\/\/cta.w3po.de\/en\/reuter-west-wsp-bau\/\" style=\"background-image: url(https:\/\/cta.w3po.de\/wp-content\/uploads\/2023\/01\/reuter-west-29-header-1024x683.jpg)\"><div class=\"projekt-block\"><div class=\"projekt-overlay\"><h3>Reuter West-WSP-Bau<\/h3><\/div><\/div><\/a><\/div><div class=\"postgalerie-content \"><a href=\"https:\/\/cta.w3po.de\/en\/wsp-rostock-2022\/\" style=\"background-image: url(https:\/\/cta.w3po.de\/wp-content\/uploads\/2023\/01\/wsp-rostock-5-header-1024x512.jpg)\"><div class=\"projekt-block\"><div class=\"projekt-overlay\"><h3>WSP-Rostock 2022<\/h3><\/div><\/div><\/a><\/div><\/div>\n<\/div><\/div>\n","protected":false},"excerpt":{"rendered":"<p>Mit modernsten Methoden und Technologie realisieren wir zerst\u00f6rungsfreie Werkstoffpr\u00fcfungen (ZfP).<\/p>\n","protected":false},"author":1,"featured_media":428,"parent":10,"menu_order":50,"comment_status":"closed","ping_status":"closed","template":"","meta":{"footnotes":""},"class_list":["post-22","page","type-page","status-publish","has-post-thumbnail","hentry"],"_links":{"self":[{"href":"https:\/\/cta.w3po.de\/en\/wp-json\/wp\/v2\/pages\/22","targetHints":{"allow":["GET"]}}],"collection":[{"href":"https:\/\/cta.w3po.de\/en\/wp-json\/wp\/v2\/pages"}],"about":[{"href":"https:\/\/cta.w3po.de\/en\/wp-json\/wp\/v2\/types\/page"}],"author":[{"embeddable":true,"href":"https:\/\/cta.w3po.de\/en\/wp-json\/wp\/v2\/users\/1"}],"replies":[{"embeddable":true,"href":"https:\/\/cta.w3po.de\/en\/wp-json\/wp\/v2\/comments?post=22"}],"version-history":[{"count":41,"href":"https:\/\/cta.w3po.de\/en\/wp-json\/wp\/v2\/pages\/22\/revisions"}],"predecessor-version":[{"id":770,"href":"https:\/\/cta.w3po.de\/en\/wp-json\/wp\/v2\/pages\/22\/revisions\/770"}],"up":[{"embeddable":true,"href":"https:\/\/cta.w3po.de\/en\/wp-json\/wp\/v2\/pages\/10"}],"wp:featuredmedia":[{"embeddable":true,"href":"https:\/\/cta.w3po.de\/en\/wp-json\/wp\/v2\/media\/428"}],"wp:attachment":[{"href":"https:\/\/cta.w3po.de\/en\/wp-json\/wp\/v2\/media?parent=22"}],"curies":[{"name":"wp","href":"https:\/\/api.w.org\/{rel}","templated":true}]}}