{"id":24,"date":"2018-06-04T16:10:51","date_gmt":"2018-06-04T14:10:51","guid":{"rendered":"https:\/\/cta.w3po.de\/?page_id=24"},"modified":"2023-01-10T15:25:22","modified_gmt":"2023-01-10T14:25:22","slug":"produkte","status":"publish","type":"page","link":"https:\/\/cta.w3po.de\/en\/produkte\/","title":{"rendered":"Produkte"},"content":{"rendered":"\n<div class=\"wp-block-columns is-layout-flex wp-container-core-columns-is-layout-9d6595d7 wp-block-columns-is-layout-flex\">\n<div class=\"wp-block-column is-layout-flow wp-block-column-is-layout-flow\">\n<p>Wir entwickeln ma\u00dfgeschneiderte L\u00f6sungen im Anlagenbau, z. B. Flachbodentanks mit Festdach und Schwimmdach. Zu unserem Portfolio geh\u00f6ren au\u00dferdem Gasbeh\u00e4lter, W\u00e4rme-\/K\u00e4ltespeicher, Rohrbr\u00fccken u. a.<\/p>\n\n\n\n<ul class=\"wp-block-list\">\n<li>Flachbodentank mit Festdach (Festdachtanks)<\/li>\n\n\n\n<li>Flachbodentank mit Schwimmdach (Schwimmdachtanks)<\/li>\n\n\n\n<li>leckage\u00fcberwachte Doppelb\u00f6den<\/li>\n\n\n\n<li>leckage\u00fcberwachte Tankm\u00e4ntel<\/li>\n\n\n\n<li>Trockengasbeh\u00e4lter<\/li>\n\n\n\n<li>W\u00e4rme-\/K\u00e4ltespeicher<\/li>\n\n\n\n<li>Tieftemperaturtanks<\/li>\n<\/ul>\n<\/div>\n\n\n\n<div class=\"wp-block-column is-layout-flow wp-block-column-is-layout-flow\">\n<figure class=\"wp-block-image size-full\"><img loading=\"lazy\" decoding=\"async\" width=\"650\" height=\"448\" src=\"https:\/\/cta.w3po.de\/wp-content\/uploads\/2018\/08\/leckueberwachung.jpg\" alt=\"\" class=\"wp-image-349\" srcset=\"https:\/\/cta.w3po.de\/wp-content\/uploads\/2018\/08\/leckueberwachung.jpg 650w, https:\/\/cta.w3po.de\/wp-content\/uploads\/2018\/08\/leckueberwachung-300x207.jpg 300w\" sizes=\"auto, (max-width: 650px) 100vw, 650px\" \/><\/figure>\n<\/div>\n<\/div>\n\n\n\n<hr class=\"wp-block-separator has-css-opacity\"\/>\n\n\n\n<div class=\"wp-block-columns is-layout-flex wp-container-core-columns-is-layout-9d6595d7 wp-block-columns-is-layout-flex\">\n<div class=\"wp-block-column is-layout-flow wp-block-column-is-layout-flow\">\n<p><strong>Informationen zur Leckage\u00fcberwachung<\/strong><br>F\u00fcr die Einhaltung der gesetzlichen Anforderungen \u2013 hier steht besonders die Verordnung f\u00fcr Anlagen zum Umgang mit wassergef\u00e4hrdenden Stoffen (VAwS) im Fokus \u2013 bieten wir sichere und bew\u00e4hrte technische L\u00f6sungen zur drucklosen Leckage\u00fcberwachung an Tankm\u00e4nteln von Flachbodentanks an.<\/p>\n\n\n\n<p>Wir arbeiten mit zwei Funktionsprinzipien: Leckage\u00fcberwachung an der Au\u00dfenseite des Tankmantels (LSG-K) und Leckage\u00fcberwachung an der Innenseite des Tankmantels (LTMA).<\/p>\n\n\n\n<p><strong>Die Funktionsprinzipien im Einzelnen<\/strong><br>1. Leckage\u00fcberwachung LSG-K<br>Bei LSG-K befindet sich der Leckagesensor in einer Kammer. Es wird eine schnelle und zuverl\u00e4ssige Erkennung von Leckagen erm\u00f6glicht. Es handelt sich dabei um ein druckloses, nach oben offenes System. An der Mantel-Boden-Ecke befindet sich ein angeschlossener umlaufender Auffangraum.<\/p>\n\n\n\n<p>Der Sensor ist mit einer \u00dcberwachungseinheit verbunden und kann Wasser von Wasserschadstoffen unterscheiden. Im Leckagefall schlie\u00dft die Absperrarmatur am Auslauf; im Betriebszustand ist die Armatur am Auslauf ge\u00f6ffnet.<\/p>\n\n\n\n<p>Der Auffangraum ist nach der technischen Regel wassergef\u00e4hrdender Stoffe (TRwS) ausgelegt. Das Leck kann abgeschottet bzw. das Produkt vom Auffangraum abgepumpt werden \u2013 als infrastrukturelle Ma\u00dfnahme.<\/p>\n<\/div>\n\n\n\n<div class=\"wp-block-column is-layout-flow wp-block-column-is-layout-flow\">\n<p>2. Leckage\u00fcberwachung LTMA<br>Das Funktionsprinzip LTMA untergliedert sich drei Bereiche:<\/p>\n\n\n\n<ul class=\"wp-block-list\">\n<li>LTMA-T \u2013 \u00dcberwachungsraum mit Tr\u00e4nenblech<\/li>\n\n\n\n<li>LTMA-G \u2013 \u00dcberwachungsraum mit Glattblech und Baustahlmatte<\/li>\n\n\n\n<li>LTMA-A \u2013 \u00dcberwachungsraum mit Glattblech und Abstandshalter<\/li>\n<\/ul>\n\n\n\n<p>LTMA erm\u00f6glicht eine schnelle und zuverl\u00e4ssige Erkennung von Leckagen. An der Innenseite des Tankmantels ist ein vollfl\u00e4chiger Auffang- und \u00dcberwachungsraum angeschlossen. Das drucklose System verf\u00fcgt \u00fcber mehrere \u00dcberwachungsr\u00e4ume und eine Leckagesensor am Tiefpunkt.<\/p>\n\n\n\n<p>Der Sensor ist mit einer \u00dcberwachungseinheit verbunden, kann Wasser von Wasserschadstoffe unterscheiden und eine Alarmmeldung ausl\u00f6sen.<\/p>\n\n\n\n<p>Bei einer Leckage erfolgt keine Verunreinigung von Produkt und Umwelt, so dass kein unmittelbarer Handlungsbedarf besteht. Die Absperrarmaturen am Tank sind ebenfalls doppelwandig ausgef\u00fchrt.<\/p>\n<\/div>\n<\/div>\n","protected":false},"excerpt":{"rendered":"<p>Wir entwickeln ma\u00dfgeschneiderte L\u00f6sungen im Anlagenbau, z. B. Flachbodentanks mit Festdach und Schwimmdach. Zu unserem Portfolio geh\u00f6ren au\u00dferdem Gasbeh\u00e4lter, W\u00e4rme-\/K\u00e4ltespeicher, Rohrbr\u00fccken u. a. Informationen zur Leckage\u00fcberwachungF\u00fcr die Einhaltung der gesetzlichen Anforderungen \u2013 hier steht besonders die Verordnung f\u00fcr Anlagen zum Umgang mit wassergef\u00e4hrdenden Stoffen (VAwS) im Fokus \u2013 bieten wir sichere und bew\u00e4hrte technische L\u00f6sungen [&hellip;]<\/p>\n","protected":false},"author":1,"featured_media":0,"parent":0,"menu_order":10,"comment_status":"closed","ping_status":"closed","template":"","meta":{"footnotes":""},"class_list":["post-24","page","type-page","status-publish","hentry"],"_links":{"self":[{"href":"https:\/\/cta.w3po.de\/en\/wp-json\/wp\/v2\/pages\/24","targetHints":{"allow":["GET"]}}],"collection":[{"href":"https:\/\/cta.w3po.de\/en\/wp-json\/wp\/v2\/pages"}],"about":[{"href":"https:\/\/cta.w3po.de\/en\/wp-json\/wp\/v2\/types\/page"}],"author":[{"embeddable":true,"href":"https:\/\/cta.w3po.de\/en\/wp-json\/wp\/v2\/users\/1"}],"replies":[{"embeddable":true,"href":"https:\/\/cta.w3po.de\/en\/wp-json\/wp\/v2\/comments?post=24"}],"version-history":[{"count":15,"href":"https:\/\/cta.w3po.de\/en\/wp-json\/wp\/v2\/pages\/24\/revisions"}],"predecessor-version":[{"id":877,"href":"https:\/\/cta.w3po.de\/en\/wp-json\/wp\/v2\/pages\/24\/revisions\/877"}],"wp:attachment":[{"href":"https:\/\/cta.w3po.de\/en\/wp-json\/wp\/v2\/media?parent=24"}],"curies":[{"name":"wp","href":"https:\/\/api.w.org\/{rel}","templated":true}]}}