{"id":28,"date":"2018-06-04T16:11:14","date_gmt":"2018-06-04T14:11:14","guid":{"rendered":"https:\/\/cta.w3po.de\/?page_id=28"},"modified":"2024-07-03T10:00:54","modified_gmt":"2024-07-03T08:00:54","slug":"zertifikate","status":"publish","type":"page","link":"https:\/\/cta.w3po.de\/en\/zertifikate\/","title":{"rendered":"Zertifikate"},"content":{"rendered":"<p>Die Qualit\u00e4t unserer Produkte und Leistungen wird durch zahlreiche Zertifikate best\u00e4tigt. Wir sind als anerkannter Fachbetrieb unter anderem nach DIN EN ISO 9001, WHG und uneingeschr\u00e4nkt nach SCC zertifiziert.<\/p>\n<hr \/>\n<p><strong>IHK \u2013 Duale Ausbildung<\/strong><br \/>\nAus Verantwortung f\u00fcr die Zukunft und um jungen Menschen den Start in einen Beruf mit ausgezeichneten Perspektiven zu erm\u00f6glichen, bilden wir erfolgreich im dualen System aus.<\/p>\n<p><a href=\"https:\/\/cta.w3po.de\/wp-content\/uploads\/2024\/07\/IHK-Ausbildungsurkunde-2024.pdf\" target=\"_blank\" rel=\"noopener\"><img loading=\"lazy\" decoding=\"async\" class=\"alignnone wp-image-1147 size-full\" src=\"https:\/\/cta.w3po.de\/wp-content\/uploads\/2024\/07\/2.png\" alt=\"\" width=\"277\" height=\"392\" \/><\/a><\/p>\n<hr \/>\n<p><strong> Zertifikat zum Schwei\u00dfen von Stahltragwerken nach DIN EN 1090-2 <\/strong><br \/>\nDem Unternehmen wird bescheinigt, dass es \u00fcber die erforderlichen Fachkr\u00e4fte, Vorrichtungen und Erfahrungen verf\u00fcgt, Schwei\u00dfarbeiten zur Herstellung tragender Stahlbauteile in diversen Anwendungsbereichen durchzuf\u00fchren.<\/p>\n<p><a href=\"https:\/\/cta.w3po.de\/wp-content\/uploads\/2024\/07\/EN-1090_GSI-SLV-deutsch_CTA.pdf\" target=\"blank\" rel=\"noopener\"><img loading=\"lazy\" decoding=\"async\" class=\"alignnone size-medium wp-image-265\" src=\"https:\/\/cta.w3po.de\/wp-content\/uploads\/2024\/07\/1-1.png\" alt=\"\" width=\"211\" height=\"300\" \/><\/a><\/p>\n<hr \/>\n<p><strong>SCC**-ZERTIFIKAT, UNEINGESCHR\u00c4NKTE ZERTIFIZIERUNG<\/strong><br \/>\nDurch das Audit wurde der Nachweis erbracht, dass die Forderungen des Untersektorkomitees SCC der TGA \u2013 Tr\u00e4gergemeinschaft f\u00fcr Akkreditierung GmbH \u2013 erf\u00fcllt sind.<\/p>\n<p><a href=\"https:\/\/cta.w3po.de\/wp-content\/uploads\/2024\/07\/SCC-deu..pdf\" target=\"_blank\" rel=\"noopener\"><img loading=\"lazy\" decoding=\"async\" class=\"alignnone wp-image-1081 size-medium\" src=\"https:\/\/cta.w3po.de\/wp-content\/uploads\/2024\/07\/4.png\" alt=\"Zertifikat SCC Uneingeschra\u0308nktes 2022\" width=\"211\" height=\"300\" \/><\/a><\/p>\n<hr \/>\n<p><strong>PdP QUALIFIZIERUNG<\/strong><br \/>\nDem Unternehmen wird hiermit best\u00e4tigt, dass es die Anforderungen des Pr\u00e4ventivplanes erf\u00fcllt. Die Qualifizierung schlie\u00dft ein, T\u00e4tigkeiten in den Anlagen auszuf\u00fchren und dabei auch Subkontraktoren einzusetzen.<\/p>\n<p><a href=\"https:\/\/cta.w3po.de\/wp-content\/uploads\/2018\/06\/pdp-qualifizierung.pdf\" target=\"blank\" rel=\"noopener\"><img loading=\"lazy\" decoding=\"async\" class=\"alignnone size-medium wp-image-268\" src=\"https:\/\/cta.w3po.de\/wp-content\/uploads\/2018\/06\/total-pdp-klein-206x300.jpg\" alt=\"\" width=\"211\" height=\"300\" \/><\/a><\/p>\n<hr \/>\n<p><strong>Fachbetrieb nach WHG<\/strong><br \/>\nURKUNDE: als Fachbetrieb des Wasserhaushaltsgesetzes \u00fcberpr\u00fcft und anerkannt (ehem. \u00a719 I WHG).<\/p>\n<p><a href=\"https:\/\/cta.w3po.de\/wp-content\/uploads\/2024\/06\/Zertifikat-Fachbetrieb-gemaess-WHG-bis-2026.pdf\" target=\"_blank\" rel=\"noopener\"><img loading=\"lazy\" decoding=\"async\" class=\"alignnone wp-image-1084 \" src=\"https:\/\/cta.w3po.de\/wp-content\/uploads\/2023\/01\/fachbetrieb-whg-212x300.jpg\" alt=\"Fachbetrieb whg\" width=\"211\" height=\"300\" \/><\/a><\/p>\n<hr \/>\n<p><strong>DGZfP<\/strong><br \/>\nDas Unternehmen CTA Chemie- und Tankanlagenbau GmbH &#038; Co. KG ist kooperatives Mitglied der Deutschen Gesellschaft f\u00fcr zerst\u00f6rungsfreie Werkstoffpr\u00fcfung ist.<\/p>\n<p><a href=\"https:\/\/cta.w3po.de\/wp-content\/uploads\/2018\/06\/dgzfp.pdf\" target=\"blank\" rel=\"noopener\"><img loading=\"lazy\" decoding=\"async\" class=\"alignnone size-medium wp-image-261\" src=\"https:\/\/cta.w3po.de\/wp-content\/uploads\/2018\/06\/dgzfp-klein-212x300.jpg\" alt=\"\" width=\"211\" height=\"300\" \/><\/a><\/p>\n<hr \/>\n<p><strong>DIN EN ISO 9001:2015<\/strong><br \/>\nF\u00fcr den Geltungsbereich Konstruktion, Planung und Ausf\u00fchrung von Tankanlagen, Rohrleitungen und Stahlbau sowie Gutachten und Pr\u00fcfungen.<\/p>\n<p><a href=\"https:\/\/cta.w3po.de\/wp-content\/uploads\/2024\/07\/ISO-9001-2015_DE-geschuetzt-.pdf\" target=\"blank\" rel=\"noopener\"><img loading=\"lazy\" decoding=\"async\" class=\"alignnone size-medium wp-image-301\" src=\"https:\/\/cta.w3po.de\/wp-content\/uploads\/2024\/07\/3.png\" alt=\"\" width=\"211\" height=\"300\" \/><\/a><\/p>\n<hr \/>\n<p><strong>Allgemeine bauaufsichtliche Zulassung<\/strong><\/p>\n<p><em>F\u00fcr Tankdoppelb\u00f6den<\/em><br \/>\nLeckschutzauskleidungen aus Stahl Typ DBL-G und Typ DBL-T f\u00fcr Flachbodentanks nach DIN 4119 8<\/p>\n<p><a href=\"https:\/\/cta.w3po.de\/wp-content\/uploads\/2024\/07\/Allgemeine-bauaufsichtliche-Zulassung-fuer-Leckschutzauskleidungen_Seite-1.pdf\" target=\"blank\" rel=\"noopener\"><img loading=\"lazy\" decoding=\"async\" class=\"alignnone size-medium wp-image-262\" src=\"https:\/\/cta.w3po.de\/wp-content\/uploads\/2024\/07\/5.png\" alt=\"\" width=\"211\" height=\"300\" \/><\/a><\/p>\n<p><em>F\u00fcr Doppelmanteltanks<\/em><br \/>\nDrucklose Leckage\u00fcberwachung an senkrechten Gef\u00e4\u00dfw\u00e4nden Typ LSG-K f\u00fcr Flachbodentanks nach DIN 4119<\/p>\n<p><a href=\"https:\/\/cta.w3po.de\/wp-content\/uploads\/2019\/01\/Allgemeine-bauaufsichtliche-Zulassung_LSG-K-kurz.pdf\" target=\"blank\" rel=\"noopener\"><img loading=\"lazy\" decoding=\"async\" class=\"alignnone size-medium wp-image-262\" src=\"https:\/\/cta.w3po.de\/wp-content\/uploads\/2019\/01\/Allgemeine-bauaufsichtliche-Zulassung_LSG-K-kurz.jpg\" alt=\"\" width=\"211\" height=\"300\" \/><\/a><\/p>\n<hr \/>\n<p><strong>Wartungs-Zertifikat f\u00fcr Protego\u00ae-Armaturen<\/strong><br \/>\nZertifikat f\u00fcr die Berechtigung des geschulten Service-Teams der CTA, Wartungsarbeiten an Protego\u00ae-Armaturen durchzuf\u00fchren.<\/p>\n<p><a href=\"https:\/\/cta.w3po.de\/wp-content\/uploads\/2018\/06\/wartungs-zertifikat-fuerprotego-armaturen.pdf\" target=\"blank\" rel=\"noopener\"><img loading=\"lazy\" decoding=\"async\" class=\"alignnone size-medium wp-image-265\" src=\"https:\/\/cta.w3po.de\/wp-content\/uploads\/2018\/06\/protego-klein-211x300.jpg\" alt=\"\" width=\"211\" height=\"300\" srcset=\"https:\/\/cta.w3po.de\/wp-content\/uploads\/2018\/06\/protego-klein-211x300.jpg 211w, https:\/\/cta.w3po.de\/wp-content\/uploads\/2018\/06\/protego-klein.jpg 702w\" sizes=\"auto, (max-width: 211px) 100vw, 211px\" \/><\/a><\/p>\n<hr \/>\n<p><strong>Konformit\u00e4t der werkseigenen Produktionskontrolle<\/strong><br \/>\nZertifikat zur Konformit\u00e4t der werkseigenen Produktionskontrolle bis EXC3 nach EN1090-2<\/p>\n<p><a href=\"https:\/\/cta.w3po.de\/wp-content\/uploads\/2023\/01\/EN-1090_DVS-dt._CTA.pdf\" target=\"_blank\" rel=\"noopener\"><img loading=\"lazy\" decoding=\"async\" class=\"alignnone wp-image-1090 size-medium\" src=\"https:\/\/cta.w3po.de\/wp-content\/uploads\/2023\/01\/konformitaet-zertifikat-2022-212x300.jpg\" alt=\"\" width=\"211\" height=\"300\" \/><\/a><\/p>\n<hr \/>\n<p><strong>Zertifikat Hersteller und Schwei\u00dfbetrieb<\/strong><br \/>\nZertifikat Hersteller und Schwei\u00dfbetrieb gem. AD 2000-Regelwerk<br \/>\n<a href=\"https:\/\/cta.w3po.de\/wp-content\/uploads\/2023\/01\/HP0_deu..pdf\" target=\"_blank\" rel=\"noopener\"><img loading=\"lazy\" decoding=\"async\" class=\"alignnone wp-image-1094 size-medium\" src=\"https:\/\/cta.w3po.de\/wp-content\/uploads\/2023\/01\/zertifikat-hersteller-schweisser-2022-212x300.jpg\" alt=\"\" width=\"211\" height=\"300\" \/>\u00a0\u00a0<\/a><\/p>\n<p>DIN EN ISO 3834<\/p>\n<p><a href=\"https:\/\/cta.w3po.de\/wp-content\/uploads\/2023\/01\/ISO-3834_deu..pdf\" target=\"_blank\" rel=\"noopener\"><img loading=\"lazy\" decoding=\"async\" class=\"alignnone wp-image-1096 size-medium\" src=\"https:\/\/cta.w3po.de\/wp-content\/uploads\/2023\/01\/zertifikat-ueberpruefung-iso-3834-2022-212x300.jpg\" alt=\"\" width=\"212\" height=\"300\" srcset=\"https:\/\/cta.w3po.de\/wp-content\/uploads\/2023\/01\/zertifikat-ueberpruefung-iso-3834-2022-212x300.jpg 212w, https:\/\/cta.w3po.de\/wp-content\/uploads\/2023\/01\/zertifikat-ueberpruefung-iso-3834-2022.jpg 707w\" sizes=\"auto, (max-width: 212px) 100vw, 212px\" \/><\/a><\/p>\n<hr \/>\n<p><strong>Zertifikat Kennzeichnung von Werkstoffen<\/strong><br \/>\nZertifikat System zur \u00dcbertragung der Kennzeichnung von Werkstoffen DIN EN 10204<br \/>\n<a href=\"https:\/\/cta.w3po.de\/wp-content\/uploads\/2023\/01\/Kennzeichnung-von-Werkstoffen_Urkunde-deu.-2022.pdf\" target=\"_blank\" rel=\"noopener\"><img loading=\"lazy\" decoding=\"async\" class=\"alignnone wp-image-1101 size-medium\" src=\"https:\/\/cta.w3po.de\/wp-content\/uploads\/2023\/01\/kennzeichnung-von-werkstoffen_urkunde-deu-2022-221x300.jpg\" alt=\"\" width=\"221\" height=\"300\" srcset=\"https:\/\/cta.w3po.de\/wp-content\/uploads\/2023\/01\/kennzeichnung-von-werkstoffen_urkunde-deu-2022-221x300.jpg 221w, https:\/\/cta.w3po.de\/wp-content\/uploads\/2023\/01\/kennzeichnung-von-werkstoffen_urkunde-deu-2022.jpg 738w\" sizes=\"auto, (max-width: 221px) 100vw, 221px\" \/><\/a><\/p>\n","protected":false},"excerpt":{"rendered":"<p>Die Qualit\u00e4t unserer Produkte und Leistungen wird durch zahlreiche Zertifikate best\u00e4tigt. Wir sind als anerkannter Fachbetrieb unter anderem nach DIN EN ISO 9001, WHG und uneingeschr\u00e4nkt nach SCC zertifiziert. IHK \u2013 Duale Ausbildung Aus Verantwortung f\u00fcr die Zukunft und um jungen Menschen den Start in einen Beruf mit ausgezeichneten Perspektiven zu erm\u00f6glichen, bilden wir erfolgreich [&hellip;]<\/p>\n","protected":false},"author":1,"featured_media":0,"parent":0,"menu_order":70,"comment_status":"closed","ping_status":"closed","template":"","meta":{"footnotes":""},"class_list":["post-28","page","type-page","status-publish","hentry"],"_links":{"self":[{"href":"https:\/\/cta.w3po.de\/en\/wp-json\/wp\/v2\/pages\/28","targetHints":{"allow":["GET"]}}],"collection":[{"href":"https:\/\/cta.w3po.de\/en\/wp-json\/wp\/v2\/pages"}],"about":[{"href":"https:\/\/cta.w3po.de\/en\/wp-json\/wp\/v2\/types\/page"}],"author":[{"embeddable":true,"href":"https:\/\/cta.w3po.de\/en\/wp-json\/wp\/v2\/users\/1"}],"replies":[{"embeddable":true,"href":"https:\/\/cta.w3po.de\/en\/wp-json\/wp\/v2\/comments?post=28"}],"version-history":[{"count":74,"href":"https:\/\/cta.w3po.de\/en\/wp-json\/wp\/v2\/pages\/28\/revisions"}],"predecessor-version":[{"id":1220,"href":"https:\/\/cta.w3po.de\/en\/wp-json\/wp\/v2\/pages\/28\/revisions\/1220"}],"wp:attachment":[{"href":"https:\/\/cta.w3po.de\/en\/wp-json\/wp\/v2\/media?parent=28"}],"curies":[{"name":"wp","href":"https:\/\/api.w.org\/{rel}","templated":true}]}}